{"id":1027,"date":"2021-12-10T03:22:40","date_gmt":"2021-12-10T06:22:40","guid":{"rendered":"https:\/\/subsbr.net\/blog\/?page_id=1027"},"modified":"2021-12-18T18:32:44","modified_gmt":"2021-12-18T21:32:44","slug":"avalie-o-sucesso-de-seus-investimentos","status":"publish","type":"page","link":"https:\/\/subsbr.net\/blog\/avalie-o-sucesso-de-seus-investimentos\/","title":{"rendered":"Avalie o sucesso de seus investimentos"},"content":{"rendered":"<div class=\"c1564688ba9d1f8aa56fb0df10cf62e4\" data-index=\"1\" style=\"float: none; margin:10px 0 10px 0; text-align:center;\">\n<div id=\"protag-after_content\"><\/div>\r\n<script type=\"text\/javascript\">\r\n    window.googletag = window.googletag || { cmd: [] };\r\n    window.protag = window.protag || { cmd: [] };\r\n    window.protag.cmd.push(function () {\r\n        window.protag.display(\"protag-after_content\");\r\n    });\r\n<\/script>\r\n\n<\/div>\n<h3 style=\"text-align: center;\"><strong><span style=\"color: red;\">IGNORE O CONTE\u00daDO DO SITE!<\/span><\/strong><\/h3>\n<h3 style=\"text-align: center;\"><strong><span style=\"color: #0f9d58;\">V\u00c1 AT\u00c9 O FIM DO POST PARA REALIZAR O DOWNLOAD!<\/span><\/strong><\/h3>\n<p><img loading=\"lazy\" decoding=\"async\" class=\" wp-image-1107 aligncenter\" src=\"https:\/\/freefirenews.tech\/wp-content\/uploads\/2021\/12\/seta.gif\" alt=\"\" width=\"285\" height=\"152\" \/><\/p>\n<p>Embora alguns investidores tenham como objetivo gerar o m\u00e1ximo de riqueza poss\u00edvel no longo prazo, muitos desejam usar seus investimentos para gerar renda hoje. Essa renda passiva se refere ao dinheiro que voc\u00ea ganha de fontes como dividendos, juros e alugu\u00e9is. \u00c9 o dinheiro que o seu dinheiro ganha para voc\u00ea e \u00e9 depositado na conta banc\u00e1ria da sua fam\u00edlia, quer voc\u00ea se levante ou n\u00e3o da cama pela manh\u00e3. O objetivo final da maioria dos investidores \u00e9 gerar renda passiva suficiente para que possam viver uma vida confort\u00e1vel ap\u00f3s a aposentadoria, quando n\u00e3o puderem mais receber um sal\u00e1rio.<\/p>\n<p>Ao construir uma carteira de investimentos, um truque que voc\u00ea pode usar para se manter no rumo da independ\u00eancia financeira \u00e9 medir seu sucesso pela quantidade de renda passiva que voc\u00ea est\u00e1 gerando em dinheiro vivo a cada ano. Ao fazer isso, voc\u00ea pode ver uma prova tang\u00edvel de seu progresso, pois os cheques chegam pelo correio ou s\u00e3o depositados diretamente em sua conta banc\u00e1ria.<\/p>\n<p>Uma das caracter\u00edsticas marcantes de um bom portf\u00f3lio de renda passiva \u00e9 que os geradores de caixa que ele det\u00e9m &#8211; sejam a\u00e7\u00f5es, im\u00f3veis, participa\u00e7\u00f5es em empresas privadas, propriedade intelectual, direitos minerais ou qualquer outra coisa &#8211; crescem a cada ano, ent\u00e3o eles est\u00e3o desperdi\u00e7ando mais dinheiro do que no ano anterior. \u00c9 importante que a taxa de crescimento nas distribui\u00e7\u00f5es de dinheiro exceda a taxa de infla\u00e7\u00e3o, para que sua renda familiar esteja sempre se expandindo, dando a voc\u00ea mais capital para dar, reinvestir, economizar ou gastar.<\/p>\n<h3 style=\"text-align: center;\" data-blogger-escaped-style=\"background-color: white; text-align: center;\"><strong data-blogger-escaped-style=\"color: #222222; font-family: roboto, sans-serif; font-size: medium;\"><span style=\"font-size: xx-large;\" data-blogger-escaped-style=\"font-size: x-large;\">\u00c1REA DE DOWNLOAD<\/span><\/strong><\/h3>\n<hr \/>\n<div data-blogger-escaped-style=\"text-align: center;\">\n<div data-blogger-escaped-style=\"text-align: center;\">\n<div class=\"limite_anun_div\"><div id='hbagency_space_35280'><\/div><\/div><div class=\"nadademais\"><\/p>\n<p style=\"text-align: center;\"><a class=\"wp-block-button__link has-background has-vivid-cyan-blue-background-color\" href=\"https:\/\/apkadmin.com\/wpxck2v93sk2\/OBB_SAFE_V5_FINAL_71_JR_DUBBAY_TV_.zip.html\" target=\"_blank\" rel=\"noopener noreferrer\" data-blogger-escaped-style=\"background-color: #0693e3; border-radius: 28px; border: none; box-shadow: none; box-sizing: border-box; color: #dd3333; cursor: pointer; display: inline-block; font-size: 18px; margin: 0px; overflow-wrap: break-word; padding: 12px 24px; transition: all 0.4s ease 0s;\" data-blogger-escaped-target=\"_blank\">DOWNLAD OOB FINAL71<\/a><\/p>\n<p style=\"text-align: center;\"><a class=\"wp-block-button__link has-background has-vivid-cyan-blue-background-color\" href=\"https:\/\/apkadmin.com\/opexcqjwmnsu\/OBB_SAFE_V5_FINAL_72_JR_DUBBAY_TV.zip.html\" target=\"_blank\" rel=\"noopener noreferrer\" data-blogger-escaped-style=\"background-color: #0693e3; border-radius: 28px; border: none; box-shadow: none; box-sizing: border-box; color: #dd3333; cursor: pointer; display: inline-block; font-size: 18px; margin: 0px; overflow-wrap: break-word; padding: 12px 24px; transition: all 0.4s ease 0s;\" data-blogger-escaped-target=\"_blank\">DOWNLAD OOB FINAL72<\/a><\/p>\n<p style=\"text-align: center;\"><a class=\"wp-block-button__link has-background has-vivid-cyan-blue-background-color\" href=\"https:\/\/apkadmin.com\/d43akeiida9b\/ANTENA_LAZER_JR_MIX_V3.zip.html\" target=\"_blank\" rel=\"noopener noreferrer\" data-blogger-escaped-style=\"background-color: #0693e3; border-radius: 28px; border: none; box-shadow: none; box-sizing: border-box; color: #dd3333; cursor: pointer; display: inline-block; font-size: 18px; margin: 0px; overflow-wrap: break-word; padding: 12px 24px; transition: all 0.4s ease 0s;\" data-blogger-escaped-target=\"_blank\">DOWNLAD OOB ANTENA LASER<\/a><\/p>\n<p>\u00a0<\/div>\n<\/div>\n<\/div>\n\n<div style=\"font-size: 0px; height: 0px; line-height: 0px; margin: 0; padding: 0; clear: both;\"><\/div>","protected":false},"excerpt":{"rendered":"<p>IGNORE O CONTE\u00daDO DO SITE! V\u00c1 AT\u00c9 O FIM DO POST PARA REALIZAR O DOWNLOAD! Embora alguns investidores tenham como objetivo gerar o m\u00e1ximo de riqueza poss\u00edvel no longo prazo, muitos desejam usar seus investimentos para gerar renda hoje. Essa renda passiva se refere ao dinheiro que voc\u00ea ganha de fontes como dividendos, juros e [&hellip;]<\/p>\n","protected":false},"author":1,"featured_media":294,"parent":0,"menu_order":0,"comment_status":"closed","ping_status":"closed","template":"","meta":{"footnotes":""},"class_list":["post-1027","page","type-page","status-publish","has-post-thumbnail","hentry"],"yoast_head":"<!-- This site is optimized with the Yoast SEO plugin v27.3 - https:\/\/yoast.com\/product\/yoast-seo-wordpress\/ -->\n<title>Avalie o sucesso de seus investimentos - SUBSBR BLOG<\/title>\n<meta name=\"description\" content=\"Embora alguns investidores tenham como objetivo gerar o m\u00e1ximo de riqueza poss\u00edvel no longo prazo, muitos desejam usar seus investimentos para gerar renda hoje\" \/>\n<meta name=\"robots\" content=\"index, follow, max-snippet:-1, max-image-preview:large, max-video-preview:-1\" \/>\n<link rel=\"canonical\" href=\"https:\/\/subsbr.net\/blog\/avalie-o-sucesso-de-seus-investimentos\/\" \/>\n<meta property=\"og:locale\" content=\"pt_BR\" \/>\n<meta property=\"og:type\" content=\"article\" \/>\n<meta property=\"og:title\" content=\"Avalie o sucesso de seus investimentos - SUBSBR BLOG\" \/>\n<meta property=\"og:description\" content=\"Embora alguns investidores tenham como objetivo gerar o m\u00e1ximo de riqueza poss\u00edvel no longo prazo, muitos desejam usar seus investimentos para gerar renda hoje\" \/>\n<meta property=\"og:url\" content=\"https:\/\/subsbr.net\/blog\/avalie-o-sucesso-de-seus-investimentos\/\" \/>\n<meta property=\"og:site_name\" content=\"SUBSBR BLOG\" \/>\n<meta property=\"article:modified_time\" content=\"2021-12-18T21:32:44+00:00\" \/>\n<meta property=\"og:image\" content=\"https:\/\/subsbr.net\/blog\/wp-content\/uploads\/2021\/02\/investir-min.jpg\" \/>\n\t<meta property=\"og:image:width\" content=\"768\" \/>\n\t<meta property=\"og:image:height\" content=\"576\" \/>\n\t<meta property=\"og:image:type\" content=\"image\/jpeg\" \/>\n<meta name=\"twitter:card\" content=\"summary_large_image\" \/>\n<meta name=\"twitter:label1\" content=\"Est. tempo de leitura\" \/>\n\t<meta name=\"twitter:data1\" content=\"2 minutos\" \/>\n<script type=\"application\/ld+json\" class=\"yoast-schema-graph\">{\"@context\":\"https:\\\/\\\/schema.org\",\"@graph\":[{\"@type\":\"WebPage\",\"@id\":\"https:\\\/\\\/subsbr.net\\\/blog\\\/avalie-o-sucesso-de-seus-investimentos\\\/\",\"url\":\"https:\\\/\\\/subsbr.net\\\/blog\\\/avalie-o-sucesso-de-seus-investimentos\\\/\",\"name\":\"Avalie o sucesso de seus investimentos - SUBSBR BLOG\",\"isPartOf\":{\"@id\":\"https:\\\/\\\/subsbr.net\\\/blog\\\/#website\"},\"primaryImageOfPage\":{\"@id\":\"https:\\\/\\\/subsbr.net\\\/blog\\\/avalie-o-sucesso-de-seus-investimentos\\\/#primaryimage\"},\"image\":{\"@id\":\"https:\\\/\\\/subsbr.net\\\/blog\\\/avalie-o-sucesso-de-seus-investimentos\\\/#primaryimage\"},\"thumbnailUrl\":\"https:\\\/\\\/subsbr.net\\\/blog\\\/wp-content\\\/uploads\\\/2021\\\/02\\\/investir-min.jpg\",\"datePublished\":\"2021-12-10T06:22:40+00:00\",\"dateModified\":\"2021-12-18T21:32:44+00:00\",\"description\":\"Embora alguns investidores tenham como objetivo gerar o m\u00e1ximo de riqueza poss\u00edvel no longo prazo, muitos desejam usar seus investimentos para gerar renda hoje\",\"breadcrumb\":{\"@id\":\"https:\\\/\\\/subsbr.net\\\/blog\\\/avalie-o-sucesso-de-seus-investimentos\\\/#breadcrumb\"},\"inLanguage\":\"pt-BR\",\"potentialAction\":[{\"@type\":\"ReadAction\",\"target\":[\"https:\\\/\\\/subsbr.net\\\/blog\\\/avalie-o-sucesso-de-seus-investimentos\\\/\"]}]},{\"@type\":\"ImageObject\",\"inLanguage\":\"pt-BR\",\"@id\":\"https:\\\/\\\/subsbr.net\\\/blog\\\/avalie-o-sucesso-de-seus-investimentos\\\/#primaryimage\",\"url\":\"https:\\\/\\\/subsbr.net\\\/blog\\\/wp-content\\\/uploads\\\/2021\\\/02\\\/investir-min.jpg\",\"contentUrl\":\"https:\\\/\\\/subsbr.net\\\/blog\\\/wp-content\\\/uploads\\\/2021\\\/02\\\/investir-min.jpg\",\"width\":768,\"height\":576},{\"@type\":\"BreadcrumbList\",\"@id\":\"https:\\\/\\\/subsbr.net\\\/blog\\\/avalie-o-sucesso-de-seus-investimentos\\\/#breadcrumb\",\"itemListElement\":[{\"@type\":\"ListItem\",\"position\":1,\"name\":\"In\u00edcio\",\"item\":\"https:\\\/\\\/subsbr.net\\\/blog\\\/\"},{\"@type\":\"ListItem\",\"position\":2,\"name\":\"Avalie o sucesso de seus investimentos\"}]},{\"@type\":\"WebSite\",\"@id\":\"https:\\\/\\\/subsbr.net\\\/blog\\\/#website\",\"url\":\"https:\\\/\\\/subsbr.net\\\/blog\\\/\",\"name\":\"SUBSBR BLOG\",\"description\":\"\",\"publisher\":{\"@id\":\"https:\\\/\\\/subsbr.net\\\/blog\\\/#organization\"},\"potentialAction\":[{\"@type\":\"SearchAction\",\"target\":{\"@type\":\"EntryPoint\",\"urlTemplate\":\"https:\\\/\\\/subsbr.net\\\/blog\\\/?s={search_term_string}\"},\"query-input\":{\"@type\":\"PropertyValueSpecification\",\"valueRequired\":true,\"valueName\":\"search_term_string\"}}],\"inLanguage\":\"pt-BR\"},{\"@type\":\"Organization\",\"@id\":\"https:\\\/\\\/subsbr.net\\\/blog\\\/#organization\",\"name\":\"SUBSBR BLOG\",\"url\":\"https:\\\/\\\/subsbr.net\\\/blog\\\/\",\"logo\":{\"@type\":\"ImageObject\",\"inLanguage\":\"pt-BR\",\"@id\":\"https:\\\/\\\/subsbr.net\\\/blog\\\/#\\\/schema\\\/logo\\\/image\\\/\",\"url\":\"https:\\\/\\\/subsbr.net\\\/blog\\\/wp-content\\\/uploads\\\/2022\\\/10\\\/20211008_233.png\",\"contentUrl\":\"https:\\\/\\\/subsbr.net\\\/blog\\\/wp-content\\\/uploads\\\/2022\\\/10\\\/20211008_233.png\",\"width\":1200,\"height\":250,\"caption\":\"SUBSBR BLOG\"},\"image\":{\"@id\":\"https:\\\/\\\/subsbr.net\\\/blog\\\/#\\\/schema\\\/logo\\\/image\\\/\"}}]}<\/script>\n<!-- \/ Yoast SEO plugin. -->","yoast_head_json":{"title":"Avalie o sucesso de seus investimentos - SUBSBR BLOG","description":"Embora alguns investidores tenham como objetivo gerar o m\u00e1ximo de riqueza poss\u00edvel no longo prazo, muitos desejam usar seus investimentos para gerar renda hoje","robots":{"index":"index","follow":"follow","max-snippet":"max-snippet:-1","max-image-preview":"max-image-preview:large","max-video-preview":"max-video-preview:-1"},"canonical":"https:\/\/subsbr.net\/blog\/avalie-o-sucesso-de-seus-investimentos\/","og_locale":"pt_BR","og_type":"article","og_title":"Avalie o sucesso de seus investimentos - SUBSBR BLOG","og_description":"Embora alguns investidores tenham como objetivo gerar o m\u00e1ximo de riqueza poss\u00edvel no longo prazo, muitos desejam usar seus investimentos para gerar renda hoje","og_url":"https:\/\/subsbr.net\/blog\/avalie-o-sucesso-de-seus-investimentos\/","og_site_name":"SUBSBR BLOG","article_modified_time":"2021-12-18T21:32:44+00:00","og_image":[{"width":768,"height":576,"url":"https:\/\/subsbr.net\/blog\/wp-content\/uploads\/2021\/02\/investir-min.jpg","type":"image\/jpeg"}],"twitter_card":"summary_large_image","twitter_misc":{"Est. tempo de leitura":"2 minutos"},"schema":{"@context":"https:\/\/schema.org","@graph":[{"@type":"WebPage","@id":"https:\/\/subsbr.net\/blog\/avalie-o-sucesso-de-seus-investimentos\/","url":"https:\/\/subsbr.net\/blog\/avalie-o-sucesso-de-seus-investimentos\/","name":"Avalie o sucesso de seus investimentos - SUBSBR BLOG","isPartOf":{"@id":"https:\/\/subsbr.net\/blog\/#website"},"primaryImageOfPage":{"@id":"https:\/\/subsbr.net\/blog\/avalie-o-sucesso-de-seus-investimentos\/#primaryimage"},"image":{"@id":"https:\/\/subsbr.net\/blog\/avalie-o-sucesso-de-seus-investimentos\/#primaryimage"},"thumbnailUrl":"https:\/\/subsbr.net\/blog\/wp-content\/uploads\/2021\/02\/investir-min.jpg","datePublished":"2021-12-10T06:22:40+00:00","dateModified":"2021-12-18T21:32:44+00:00","description":"Embora alguns investidores tenham como objetivo gerar o m\u00e1ximo de riqueza poss\u00edvel no longo prazo, muitos desejam usar seus investimentos para gerar renda hoje","breadcrumb":{"@id":"https:\/\/subsbr.net\/blog\/avalie-o-sucesso-de-seus-investimentos\/#breadcrumb"},"inLanguage":"pt-BR","potentialAction":[{"@type":"ReadAction","target":["https:\/\/subsbr.net\/blog\/avalie-o-sucesso-de-seus-investimentos\/"]}]},{"@type":"ImageObject","inLanguage":"pt-BR","@id":"https:\/\/subsbr.net\/blog\/avalie-o-sucesso-de-seus-investimentos\/#primaryimage","url":"https:\/\/subsbr.net\/blog\/wp-content\/uploads\/2021\/02\/investir-min.jpg","contentUrl":"https:\/\/subsbr.net\/blog\/wp-content\/uploads\/2021\/02\/investir-min.jpg","width":768,"height":576},{"@type":"BreadcrumbList","@id":"https:\/\/subsbr.net\/blog\/avalie-o-sucesso-de-seus-investimentos\/#breadcrumb","itemListElement":[{"@type":"ListItem","position":1,"name":"In\u00edcio","item":"https:\/\/subsbr.net\/blog\/"},{"@type":"ListItem","position":2,"name":"Avalie o sucesso de seus investimentos"}]},{"@type":"WebSite","@id":"https:\/\/subsbr.net\/blog\/#website","url":"https:\/\/subsbr.net\/blog\/","name":"SUBSBR BLOG","description":"","publisher":{"@id":"https:\/\/subsbr.net\/blog\/#organization"},"potentialAction":[{"@type":"SearchAction","target":{"@type":"EntryPoint","urlTemplate":"https:\/\/subsbr.net\/blog\/?s={search_term_string}"},"query-input":{"@type":"PropertyValueSpecification","valueRequired":true,"valueName":"search_term_string"}}],"inLanguage":"pt-BR"},{"@type":"Organization","@id":"https:\/\/subsbr.net\/blog\/#organization","name":"SUBSBR BLOG","url":"https:\/\/subsbr.net\/blog\/","logo":{"@type":"ImageObject","inLanguage":"pt-BR","@id":"https:\/\/subsbr.net\/blog\/#\/schema\/logo\/image\/","url":"https:\/\/subsbr.net\/blog\/wp-content\/uploads\/2022\/10\/20211008_233.png","contentUrl":"https:\/\/subsbr.net\/blog\/wp-content\/uploads\/2022\/10\/20211008_233.png","width":1200,"height":250,"caption":"SUBSBR BLOG"},"image":{"@id":"https:\/\/subsbr.net\/blog\/#\/schema\/logo\/image\/"}}]}},"jetpack_sharing_enabled":true,"_links":{"self":[{"href":"https:\/\/subsbr.net\/blog\/wp-json\/wp\/v2\/pages\/1027","targetHints":{"allow":["GET"]}}],"collection":[{"href":"https:\/\/subsbr.net\/blog\/wp-json\/wp\/v2\/pages"}],"about":[{"href":"https:\/\/subsbr.net\/blog\/wp-json\/wp\/v2\/types\/page"}],"author":[{"embeddable":true,"href":"https:\/\/subsbr.net\/blog\/wp-json\/wp\/v2\/users\/1"}],"replies":[{"embeddable":true,"href":"https:\/\/subsbr.net\/blog\/wp-json\/wp\/v2\/comments?post=1027"}],"version-history":[{"count":0,"href":"https:\/\/subsbr.net\/blog\/wp-json\/wp\/v2\/pages\/1027\/revisions"}],"wp:featuredmedia":[{"embeddable":true,"href":"https:\/\/subsbr.net\/blog\/wp-json\/wp\/v2\/media\/294"}],"wp:attachment":[{"href":"https:\/\/subsbr.net\/blog\/wp-json\/wp\/v2\/media?parent=1027"}],"curies":[{"name":"wp","href":"https:\/\/api.w.org\/{rel}","templated":true}]}}