{"id":2958,"date":"2023-02-23T14:03:27","date_gmt":"2023-02-23T17:03:27","guid":{"rendered":"https:\/\/subsbr.net\/blog\/?page_id=2958"},"modified":"2024-01-26T21:17:37","modified_gmt":"2024-01-27T00:17:37","slug":"bancos-digitais-podem-acabar-com-os-cartoes-sem-anuidad","status":"publish","type":"page","link":"https:\/\/subsbr.net\/blog\/bancos-digitais-podem-acabar-com-os-cartoes-sem-anuidad\/","title":{"rendered":"Bancos digitais podem acabar com os cart\u00f5es sem anuidad"},"content":{"rendered":"<div class=\"c1564688ba9d1f8aa56fb0df10cf62e4\" data-index=\"1\" style=\"float: none; margin:10px 0 10px 0; text-align:center;\">\n<div id=\"protag-after_content\"><\/div>\r\n<script type=\"text\/javascript\">\r\n    window.googletag = window.googletag || { cmd: [] };\r\n    window.protag = window.protag || { cmd: [] };\r\n    window.protag.cmd.push(function () {\r\n        window.protag.display(\"protag-after_content\");\r\n    });\r\n<\/script>\r\n\n<\/div>\n<div style=\"text-align: center;\">\n<p style=\"text-align: left;\">Recentemente, o Banco Central fez uma proposta de mudan\u00e7a regulat\u00f3ria que divide mais uma vez as fintechs e os bancos tradicionais. De acordo com um levantamento da Zetta, organiza\u00e7\u00e3o da qual diversas fintechs, como Mercado Pago e Nubank, fazem parte, o impacto da mudan\u00e7a seria milion\u00e1rio. Se no ano passado essas novas regras j\u00e1 estivessem valendo, os clientes destas institui\u00e7\u00f5es financeiras teriam desembolsado cerca de R$ 24 bilh\u00f5es em tarifas.<\/p>\n<p style=\"text-align: left;\">Com a mudan\u00e7a da regra, o modelo de neg\u00f3cio dos bancos digitais, que t\u00eam crescido com a oferta de servi\u00e7os gratuitos, como os\u00a0cart\u00f5es de cr\u00e9dito\u00a0sem anuidade, pode ser limitado.<\/p>\n<h2 id=\"h-tarifa-de-intercambio\" style=\"text-align: left;\">Tarifa de Interc\u00e2mbio<\/h2>\n<p style=\"text-align: left;\">A proposta \u00e9 uma mudan\u00e7a na Tarifa de Interc\u00e2mbio (TIC), percentual que as bandeiras de cart\u00e3o pagam para os emissores (institui\u00e7\u00f5es financeiras), o que igualaria a tarifa cobrada em transa\u00e7\u00f5es efetuadas por cart\u00f5es emitidos por fintechs e por bancos.<\/p>\n<p style=\"text-align: left;\">As fintechs t\u00eam entre suas principais fontes de renda a arrecada\u00e7\u00e3o com a TIC, o que, segundo as empresas, possibilita o oferecimento dos demais servi\u00e7os de maneira gratuita.<\/p>\n<h2 id=\"h-cartoes-de-debito\" style=\"text-align: left;\">Cart\u00f5es de d\u00e9bito<\/h2>\n<p style=\"text-align: left;\">Em 2018, teve in\u00edcio a divis\u00e3o, quando o Banco Central resolveu determinar um teto de 0,5% na TIC para os cart\u00f5es de d\u00e9bito. Naquele ano, o \u00f3rg\u00e3o defendia que o objetivo da medida era incentivar o uso dessa modalidade de pagamentos no Brasil.<\/p>\n<p style=\"text-align: left;\">A mudan\u00e7a gerou uma diferen\u00e7a entre as tarifas pagas aos bancos e \u00e0s fintechs, j\u00e1 que o teto n\u00e3o seria aplicado aos produtos financeiros. Afinal, a maioria das fintechs n\u00e3o emitem cart\u00f5es de d\u00e9bito, mas sim cart\u00f5es pr\u00e9-pagos, que apesar de entrarem em uma regula\u00e7\u00e3o diferente, t\u00eam uma utiliza\u00e7\u00e3o muito parecida.<\/p>\n<p style=\"text-align: left;\">Agora, pode ser estabelecido o mesmo teto para cart\u00f5es de d\u00e9bito e pr\u00e9-pagos pelo Banco Central, o que reduziria, na pr\u00e1tica, a arrecada\u00e7\u00e3o das fintechs.<\/p>\n<p style=\"text-align: left;\">O estudo da Zetta teve como base um teto de 0,6% para a TIC em 2021, parecido com o limite de 0,5% dos cart\u00f5es de d\u00e9bito determinado pelo Banco Central em 2018 e cogitado atualmente para os pr\u00e9-pagos.<\/p>\n<p style=\"text-align: left;\">Em outubro de 2021, a Federa\u00e7\u00e3o Brasileira de Bancos (Febraban) afirmou ser contra qualquer tabelamento; contudo entendia que a medida iria possibilitar um tratamento \u201cmais ison\u00f4mico\u201d entre os agentes.<\/p>\n<h2 id=\"h-impacto-nas-tarifas\" style=\"text-align: left;\">Impacto nas tarifas<\/h2>\n<p style=\"text-align: left;\">Representantes da Zetta se reuniram com Roberto Campos Neto, presidente do Banco Central, na primeira semana de junho, com o intuito de defender que o teto iria prejudicar as opera\u00e7\u00f5es das fintechs e mostrar o c\u00e1lculo do impacto nas tarifas.<\/p>\n<p style=\"text-align: left;\">Al\u00e9m de afirmar que o teto afetaria o modelo de neg\u00f3cios de forma direta, a Zetta apresentou a Campos Neto alega\u00e7\u00f5es de que, se realmente houver a mudan\u00e7a, haver\u00e1 dificuldade no acesso das pessoas aos servi\u00e7os banc\u00e1rios.<\/p>\n<p style=\"text-align: left;\">Por fim, o Banco Central informou que analisa as contribui\u00e7\u00f5es que recebeu do mercado e que a proposta ser\u00e1 exposta para a diretoria do Banco Central \u201cem breve\u201d.<\/p>\n<\/div>\n\n<div style=\"font-size: 0px; height: 0px; line-height: 0px; margin: 0; padding: 0; clear: both;\"><\/div>","protected":false},"excerpt":{"rendered":"<p>Recentemente, o Banco Central fez uma proposta de mudan\u00e7a regulat\u00f3ria que divide mais uma vez as fintechs e os bancos tradicionais. De acordo com um levantamento da Zetta, organiza\u00e7\u00e3o da qual diversas fintechs, como Mercado Pago e Nubank, fazem parte, o impacto da mudan\u00e7a seria milion\u00e1rio. Se no ano passado essas novas regras j\u00e1 estivessem [&hellip;]<\/p>\n","protected":false},"author":1,"featured_media":0,"parent":0,"menu_order":0,"comment_status":"closed","ping_status":"closed","template":"","meta":{"footnotes":""},"class_list":["post-2958","page","type-page","status-publish","hentry"],"yoast_head":"<!-- This site is optimized with the Yoast SEO plugin v27.3 - https:\/\/yoast.com\/product\/yoast-seo-wordpress\/ -->\n<title>Bancos digitais podem acabar com os cart\u00f5es sem anuidade<\/title>\n<meta name=\"description\" content=\"Recentemente, o Banco Central fez uma proposta de mudan\u00e7a regulat\u00f3ria que divide mais uma vez as\u00a0fintechs\u00a0e os\u00a0bancos\u00a0tradicionais.\" \/>\n<meta name=\"robots\" content=\"index, follow, max-snippet:-1, max-image-preview:large, max-video-preview:-1\" \/>\n<link rel=\"canonical\" href=\"https:\/\/subsbr.net\/blog\/bancos-digitais-podem-acabar-com-os-cartoes-sem-anuidad\/\" \/>\n<meta property=\"og:locale\" content=\"pt_BR\" \/>\n<meta property=\"og:type\" content=\"article\" \/>\n<meta property=\"og:title\" content=\"Bancos digitais podem acabar com os cart\u00f5es sem anuidade\" \/>\n<meta property=\"og:description\" content=\"Recentemente, o Banco Central fez uma proposta de mudan\u00e7a regulat\u00f3ria que divide mais uma vez as\u00a0fintechs\u00a0e os\u00a0bancos\u00a0tradicionais.\" \/>\n<meta property=\"og:url\" content=\"https:\/\/subsbr.net\/blog\/bancos-digitais-podem-acabar-com-os-cartoes-sem-anuidad\/\" \/>\n<meta property=\"og:site_name\" content=\"SUBSBR BLOG\" \/>\n<meta property=\"article:modified_time\" content=\"2024-01-27T00:17:37+00:00\" \/>\n<meta name=\"twitter:card\" content=\"summary_large_image\" \/>\n<meta name=\"twitter:label1\" content=\"Est. tempo de leitura\" \/>\n\t<meta name=\"twitter:data1\" content=\"3 minutos\" \/>\n<script type=\"application\/ld+json\" class=\"yoast-schema-graph\">{\"@context\":\"https:\\\/\\\/schema.org\",\"@graph\":[{\"@type\":\"WebPage\",\"@id\":\"https:\\\/\\\/subsbr.net\\\/blog\\\/bancos-digitais-podem-acabar-com-os-cartoes-sem-anuidad\\\/\",\"url\":\"https:\\\/\\\/subsbr.net\\\/blog\\\/bancos-digitais-podem-acabar-com-os-cartoes-sem-anuidad\\\/\",\"name\":\"Bancos digitais podem acabar com os cart\u00f5es sem anuidade\",\"isPartOf\":{\"@id\":\"https:\\\/\\\/subsbr.net\\\/blog\\\/#website\"},\"datePublished\":\"2023-02-23T17:03:27+00:00\",\"dateModified\":\"2024-01-27T00:17:37+00:00\",\"description\":\"Recentemente, o Banco Central fez uma proposta de mudan\u00e7a regulat\u00f3ria que divide mais uma vez as\u00a0fintechs\u00a0e os\u00a0bancos\u00a0tradicionais.\",\"breadcrumb\":{\"@id\":\"https:\\\/\\\/subsbr.net\\\/blog\\\/bancos-digitais-podem-acabar-com-os-cartoes-sem-anuidad\\\/#breadcrumb\"},\"inLanguage\":\"pt-BR\",\"potentialAction\":[{\"@type\":\"ReadAction\",\"target\":[\"https:\\\/\\\/subsbr.net\\\/blog\\\/bancos-digitais-podem-acabar-com-os-cartoes-sem-anuidad\\\/\"]}]},{\"@type\":\"BreadcrumbList\",\"@id\":\"https:\\\/\\\/subsbr.net\\\/blog\\\/bancos-digitais-podem-acabar-com-os-cartoes-sem-anuidad\\\/#breadcrumb\",\"itemListElement\":[{\"@type\":\"ListItem\",\"position\":1,\"name\":\"In\u00edcio\",\"item\":\"https:\\\/\\\/subsbr.net\\\/blog\\\/\"},{\"@type\":\"ListItem\",\"position\":2,\"name\":\"Bancos digitais podem acabar com os cart\u00f5es sem anuidad\"}]},{\"@type\":\"WebSite\",\"@id\":\"https:\\\/\\\/subsbr.net\\\/blog\\\/#website\",\"url\":\"https:\\\/\\\/subsbr.net\\\/blog\\\/\",\"name\":\"SUBSBR BLOG\",\"description\":\"\",\"publisher\":{\"@id\":\"https:\\\/\\\/subsbr.net\\\/blog\\\/#organization\"},\"potentialAction\":[{\"@type\":\"SearchAction\",\"target\":{\"@type\":\"EntryPoint\",\"urlTemplate\":\"https:\\\/\\\/subsbr.net\\\/blog\\\/?s={search_term_string}\"},\"query-input\":{\"@type\":\"PropertyValueSpecification\",\"valueRequired\":true,\"valueName\":\"search_term_string\"}}],\"inLanguage\":\"pt-BR\"},{\"@type\":\"Organization\",\"@id\":\"https:\\\/\\\/subsbr.net\\\/blog\\\/#organization\",\"name\":\"SUBSBR BLOG\",\"url\":\"https:\\\/\\\/subsbr.net\\\/blog\\\/\",\"logo\":{\"@type\":\"ImageObject\",\"inLanguage\":\"pt-BR\",\"@id\":\"https:\\\/\\\/subsbr.net\\\/blog\\\/#\\\/schema\\\/logo\\\/image\\\/\",\"url\":\"https:\\\/\\\/subsbr.net\\\/blog\\\/wp-content\\\/uploads\\\/2022\\\/10\\\/20211008_233.png\",\"contentUrl\":\"https:\\\/\\\/subsbr.net\\\/blog\\\/wp-content\\\/uploads\\\/2022\\\/10\\\/20211008_233.png\",\"width\":1200,\"height\":250,\"caption\":\"SUBSBR BLOG\"},\"image\":{\"@id\":\"https:\\\/\\\/subsbr.net\\\/blog\\\/#\\\/schema\\\/logo\\\/image\\\/\"}}]}<\/script>\n<!-- \/ Yoast SEO plugin. -->","yoast_head_json":{"title":"Bancos digitais podem acabar com os cart\u00f5es sem anuidade","description":"Recentemente, o Banco Central fez uma proposta de mudan\u00e7a regulat\u00f3ria que divide mais uma vez as\u00a0fintechs\u00a0e os\u00a0bancos\u00a0tradicionais.","robots":{"index":"index","follow":"follow","max-snippet":"max-snippet:-1","max-image-preview":"max-image-preview:large","max-video-preview":"max-video-preview:-1"},"canonical":"https:\/\/subsbr.net\/blog\/bancos-digitais-podem-acabar-com-os-cartoes-sem-anuidad\/","og_locale":"pt_BR","og_type":"article","og_title":"Bancos digitais podem acabar com os cart\u00f5es sem anuidade","og_description":"Recentemente, o Banco Central fez uma proposta de mudan\u00e7a regulat\u00f3ria que divide mais uma vez as\u00a0fintechs\u00a0e os\u00a0bancos\u00a0tradicionais.","og_url":"https:\/\/subsbr.net\/blog\/bancos-digitais-podem-acabar-com-os-cartoes-sem-anuidad\/","og_site_name":"SUBSBR BLOG","article_modified_time":"2024-01-27T00:17:37+00:00","twitter_card":"summary_large_image","twitter_misc":{"Est. tempo de leitura":"3 minutos"},"schema":{"@context":"https:\/\/schema.org","@graph":[{"@type":"WebPage","@id":"https:\/\/subsbr.net\/blog\/bancos-digitais-podem-acabar-com-os-cartoes-sem-anuidad\/","url":"https:\/\/subsbr.net\/blog\/bancos-digitais-podem-acabar-com-os-cartoes-sem-anuidad\/","name":"Bancos digitais podem acabar com os cart\u00f5es sem anuidade","isPartOf":{"@id":"https:\/\/subsbr.net\/blog\/#website"},"datePublished":"2023-02-23T17:03:27+00:00","dateModified":"2024-01-27T00:17:37+00:00","description":"Recentemente, o Banco Central fez uma proposta de mudan\u00e7a regulat\u00f3ria que divide mais uma vez as\u00a0fintechs\u00a0e os\u00a0bancos\u00a0tradicionais.","breadcrumb":{"@id":"https:\/\/subsbr.net\/blog\/bancos-digitais-podem-acabar-com-os-cartoes-sem-anuidad\/#breadcrumb"},"inLanguage":"pt-BR","potentialAction":[{"@type":"ReadAction","target":["https:\/\/subsbr.net\/blog\/bancos-digitais-podem-acabar-com-os-cartoes-sem-anuidad\/"]}]},{"@type":"BreadcrumbList","@id":"https:\/\/subsbr.net\/blog\/bancos-digitais-podem-acabar-com-os-cartoes-sem-anuidad\/#breadcrumb","itemListElement":[{"@type":"ListItem","position":1,"name":"In\u00edcio","item":"https:\/\/subsbr.net\/blog\/"},{"@type":"ListItem","position":2,"name":"Bancos digitais podem acabar com os cart\u00f5es sem anuidad"}]},{"@type":"WebSite","@id":"https:\/\/subsbr.net\/blog\/#website","url":"https:\/\/subsbr.net\/blog\/","name":"SUBSBR BLOG","description":"","publisher":{"@id":"https:\/\/subsbr.net\/blog\/#organization"},"potentialAction":[{"@type":"SearchAction","target":{"@type":"EntryPoint","urlTemplate":"https:\/\/subsbr.net\/blog\/?s={search_term_string}"},"query-input":{"@type":"PropertyValueSpecification","valueRequired":true,"valueName":"search_term_string"}}],"inLanguage":"pt-BR"},{"@type":"Organization","@id":"https:\/\/subsbr.net\/blog\/#organization","name":"SUBSBR BLOG","url":"https:\/\/subsbr.net\/blog\/","logo":{"@type":"ImageObject","inLanguage":"pt-BR","@id":"https:\/\/subsbr.net\/blog\/#\/schema\/logo\/image\/","url":"https:\/\/subsbr.net\/blog\/wp-content\/uploads\/2022\/10\/20211008_233.png","contentUrl":"https:\/\/subsbr.net\/blog\/wp-content\/uploads\/2022\/10\/20211008_233.png","width":1200,"height":250,"caption":"SUBSBR BLOG"},"image":{"@id":"https:\/\/subsbr.net\/blog\/#\/schema\/logo\/image\/"}}]}},"jetpack_sharing_enabled":true,"_links":{"self":[{"href":"https:\/\/subsbr.net\/blog\/wp-json\/wp\/v2\/pages\/2958","targetHints":{"allow":["GET"]}}],"collection":[{"href":"https:\/\/subsbr.net\/blog\/wp-json\/wp\/v2\/pages"}],"about":[{"href":"https:\/\/subsbr.net\/blog\/wp-json\/wp\/v2\/types\/page"}],"author":[{"embeddable":true,"href":"https:\/\/subsbr.net\/blog\/wp-json\/wp\/v2\/users\/1"}],"replies":[{"embeddable":true,"href":"https:\/\/subsbr.net\/blog\/wp-json\/wp\/v2\/comments?post=2958"}],"version-history":[{"count":0,"href":"https:\/\/subsbr.net\/blog\/wp-json\/wp\/v2\/pages\/2958\/revisions"}],"wp:attachment":[{"href":"https:\/\/subsbr.net\/blog\/wp-json\/wp\/v2\/media?parent=2958"}],"curies":[{"name":"wp","href":"https:\/\/api.w.org\/{rel}","templated":true}]}}