{"id":2963,"date":"2023-03-09T22:55:58","date_gmt":"2023-03-10T01:55:58","guid":{"rendered":"https:\/\/subsbr.net\/blog\/?page_id=2963"},"modified":"2023-03-09T22:55:58","modified_gmt":"2023-03-10T01:55:58","slug":"quanto-custa-ser-um-funcionario-eletivo-do-governo-federa","status":"publish","type":"page","link":"https:\/\/subsbr.net\/blog\/quanto-custa-ser-um-funcionario-eletivo-do-governo-federa\/","title":{"rendered":"Quanto custa ser um funcion\u00e1rio eletivo do governo federa"},"content":{"rendered":"<div class=\"c1564688ba9d1f8aa56fb0df10cf62e4\" data-index=\"1\" style=\"float: none; margin:10px 0 10px 0; text-align:center;\">\n<div id=\"protag-after_content\"><\/div>\r\n<script type=\"text\/javascript\">\r\n    window.googletag = window.googletag || { cmd: [] };\r\n    window.protag = window.protag || { cmd: [] };\r\n    window.protag.cmd.push(function () {\r\n        window.protag.display(\"protag-after_content\");\r\n    });\r\n<\/script>\r\n\n<\/div>\n<p style=\"text-align: center;\"><strong><span style=\"color: red; font-size: 25px; text-transform: inherit;\">IGNORE O CONTE\u00daDO DO SITE!<\/span><\/strong><\/p>\n<div style=\"text-align: center;\">\n<h3 style=\"text-align: center;\"><strong><span style=\"color: #0f9d58;\">V\u00c1 AT\u00c9 O FIM DO POST PARA REALIZAR O DOWNLOAD!<\/span><\/strong><\/h3>\n<p style=\"text-align: center;\"><a href=\"https:\/\/subsget.com\/rYLgQgJD\"><img loading=\"lazy\" decoding=\"async\" class=\"alignnone size-full wp-image-703\" src=\"https:\/\/droidmaster.tech\/wp-content\/uploads\/2022\/07\/seta.gif\" alt=\"\" width=\"300\" height=\"160\" \/><\/a><\/p>\n<p style=\"text-align: left;\">Pesquisas mostram que os funcion\u00e1rios do governo federal ganham sal\u00e1rios que n\u00e3o est\u00e3o de acordo com os padr\u00f5es do mercado. Mesmo que seja um emprego que oferece muitos benef\u00edcios, os funcion\u00e1rios federais est\u00e3o pagando um pre\u00e7o alto por isso.<\/p>\n<p style=\"text-align: left;\">De acordo com uma pesquisa divulgada pelo Instituto de Pesquisa Econ\u00f4mica Aplicada (Ipea), em maio de os sal\u00e1rios dos funcion\u00e1rios p\u00fablicos federais est\u00e3o 20,acima da m\u00e9dia dos sal\u00e1rios pagos no setor privado. Os funcion\u00e1rios do governo federal ganham em m\u00e9dia R$ 10.614,enquanto os funcion\u00e1rios do setor privado ganham R$ 8.775,00.<\/p>\n<p style=\"text-align: left;\">Apesar dos altos sal\u00e1rios, os funcion\u00e1rios do governo federal sofrem com muitos problemas. Os sal\u00e1rios s\u00e3o pagos com atraso, as f\u00e9rias s\u00e3o curtas, os funcion\u00e1rios n\u00e3o t\u00eam direito a estabilidade no emprego e o plano de sa\u00fade \u00e9 ruim.<\/p>\n<p style=\"text-align: left;\">Al\u00e9m dos problemas financeiros, os funcion\u00e1rios do governo federal tamb\u00e9m sofrem com a corrup\u00e7\u00e3o. A corrup\u00e7\u00e3o \u00e9 um problema que atinge todos os setores da sociedade e \u00e9 mais prevalente nos setores p\u00fablico e privado. No entanto, os funcion\u00e1rios do governo federal est\u00e3o mais sujeitos a sofrer com a corrup\u00e7\u00e3o porque eles t\u00eam acesso a informa\u00e7\u00f5es privilegiadas e podem ser pressionados a fazer neg\u00f3cios ilegais.<\/p>\n<p style=\"text-align: left;\">O alto custo do emprego no governo federal \u00e9 um dos motivos pelos quais os funcion\u00e1rios est\u00e3o buscando outros empregos. De acordo com uma pesquisa feita pela Confedera\u00e7\u00e3o Nacional do Transporte (CNT), em 69,dos funcion\u00e1rios p\u00fablicos federais est\u00e3o insatisfeitos com seus empregos.<\/p>\n<p style=\"text-align: left;\">Mesmo com todos os problemas financeiros, os funcion\u00e1rios do governo federal ainda t\u00eam muitos benef\u00edcios. Os funcion\u00e1rios t\u00eam direito a f\u00e9rias, aux\u00edlio-moradia, plano de sa\u00fade, previd\u00eancia privada e participa\u00e7\u00e3o nos lucros da empresa.<\/p>\n<p style=\"text-align: left;\">Apesar dos altos custos, os benef\u00edcios dos funcion\u00e1rios do governo federal ainda s\u00e3o maiores do que os benef\u00edcios dos funcion\u00e1rios do setor privado. Os funcion\u00e1rios do setor privado t\u00eam direito a f\u00e9rias, plano de sa\u00fade e previd\u00eancia privada, mas n\u00e3o t\u00eam direito a aux\u00edlio-moradia ou participa\u00e7\u00e3o nos lucros da empresa.<\/p>\n<p style=\"text-align: left;\">O alto custo do emprego no governo federal \u00e9 um dos motivos pelos quais os funcion\u00e1rios est\u00e3o buscando outros empregos. Mesmo com todos os problemas financeiros, os funcion\u00e1rios do governo federal t\u00eam muitos benef\u00edcios. Os funcion\u00e1rios t\u00eam direito a f\u00e9rias, aux\u00edlio-moradia, plano de sa\u00fade, previd\u00eancia privada e participa\u00e7\u00e3o nos lucros da empresa.<\/p>\n<p style=\"text-align: left;\">Apesar dos altos custos, os benef\u00edcios dos funcion\u00e1rios do governo federal ainda s\u00e3o maiores do que os benef\u00edcios dos funcion\u00e1rios do setor privado. Os funcion\u00e1rios do setor privado ganham em m\u00e9dia R$ 8.775,enquanto os funcion\u00e1rios do governo federal ganham em m\u00e9dia R$ 10.614,44.<\/p>\n<p style=\"text-align: left;\">Pesquisas mostram que os funcion\u00e1rios do governo federal est\u00e3o pagando um pre\u00e7o alto por seus sal\u00e1rios. Mesmo que seja um emprego que oferece muitos benef\u00edcios, os funcion\u00e1rios federais est\u00e3o pagando um pre\u00e7o alto por isso. Os funcion\u00e1rios do governo federal devem buscar outros empregos que ofere\u00e7am melhores sal\u00e1rios e benef\u00edcios.<\/p>\n<h3 style=\"text-align: center;\" data-blogger-escaped-style=\"background-color: white; text-align: center;\"><strong data-blogger-escaped-style=\"color: #222222; font-family: roboto, sans-serif; font-size: medium;\"><span style=\"font-size: xx-large;\" data-blogger-escaped-style=\"font-size: x-large;\">\u00c1REA DE DOWNLOAD<\/span><\/strong><\/h3>\n<hr \/>\n<div data-blogger-escaped-style=\"text-align: center;\">\n<div data-blogger-escaped-style=\"text-align: center;\">\n<div data-blogger-escaped-style=\"text-align: center;\">\n<div data-blogger-escaped-style=\"text-align: center;\">\n<p style=\"text-align: left;\"><div class=\"limite_anun_div\"><div id='hbagency_space_35280'><\/div><\/div><div class=\"nadademais\"><\/p>\n<div style=\"text-align: center;\">MOD MENU\u00a0 VICE ONLINE ATUALIZAD<\/div>\n<div style=\"text-align: center;\"><\/div>\n<p style=\"text-align: center;\"><span style=\"color: #ff0000;\"><a class=\"download\" style=\"color: #ff0000;\" href=\"https:\/\/bit.ly\/3FdJ0AS\" target=\"_blank\" rel=\"noopener noreferrer\">DOWNLOAD\u00a0<\/a><\/span><\/p>\n<div>\n<p style=\"text-align: left;\"><span style=\"text-align: left;\"><\/div><\/span><em style=\"text-align: left;\">\u00a0<\/em><\/p>\n<\/div>\n<\/div>\n<\/div>\n<\/div>\n<\/div>\n<\/div>\n\n<div style=\"font-size: 0px; height: 0px; line-height: 0px; margin: 0; padding: 0; clear: both;\"><\/div>","protected":false},"excerpt":{"rendered":"<p>IGNORE O CONTE\u00daDO DO SITE! V\u00c1 AT\u00c9 O FIM DO POST PARA REALIZAR O DOWNLOAD! Pesquisas mostram que os funcion\u00e1rios do governo federal ganham sal\u00e1rios que n\u00e3o est\u00e3o de acordo com os padr\u00f5es do mercado. Mesmo que seja um emprego que oferece muitos benef\u00edcios, os funcion\u00e1rios federais est\u00e3o pagando um pre\u00e7o alto por isso. De [&hellip;]<\/p>\n","protected":false},"author":1,"featured_media":0,"parent":0,"menu_order":0,"comment_status":"closed","ping_status":"closed","template":"","meta":{"footnotes":""},"class_list":["post-2963","page","type-page","status-publish","hentry"],"yoast_head":"<!-- This site is optimized with the Yoast SEO plugin v27.4 - https:\/\/yoast.com\/product\/yoast-seo-wordpress\/ -->\n<title>Quanto custa ser um funcion\u00e1rio eletivo do governo federal?<\/title>\n<meta name=\"description\" content=\"Quanto custa ser um funcion\u00e1rio eletivo do governo federal?\" \/>\n<meta name=\"robots\" content=\"index, follow, max-snippet:-1, max-image-preview:large, max-video-preview:-1\" \/>\n<link rel=\"canonical\" href=\"https:\/\/subsbr.net\/blog\/quanto-custa-ser-um-funcionario-eletivo-do-governo-federa\/\" \/>\n<meta property=\"og:locale\" content=\"pt_BR\" \/>\n<meta property=\"og:type\" content=\"article\" \/>\n<meta property=\"og:title\" content=\"Quanto custa ser um funcion\u00e1rio eletivo do governo federal?\" \/>\n<meta property=\"og:description\" content=\"Quanto custa ser um funcion\u00e1rio eletivo do governo federal?\" \/>\n<meta property=\"og:url\" content=\"https:\/\/subsbr.net\/blog\/quanto-custa-ser-um-funcionario-eletivo-do-governo-federa\/\" \/>\n<meta property=\"og:site_name\" content=\"SUBSBR BLOG\" \/>\n<meta property=\"og:image\" content=\"https:\/\/subsbr.net\/blog\/wp-content\/uploads\/2021\/08\/friendsathome-de2d483e5bee46f6ba0db8932744695a.webp\" \/>\n\t<meta property=\"og:image:width\" content=\"300\" \/>\n\t<meta property=\"og:image:height\" content=\"200\" \/>\n\t<meta property=\"og:image:type\" content=\"image\/webp\" \/>\n<meta name=\"twitter:card\" content=\"summary_large_image\" \/>\n<meta name=\"twitter:label1\" content=\"Est. tempo de leitura\" \/>\n\t<meta name=\"twitter:data1\" content=\"3 minutos\" \/>\n<script type=\"application\/ld+json\" class=\"yoast-schema-graph\">{\"@context\":\"https:\\\/\\\/schema.org\",\"@graph\":[{\"@type\":\"WebPage\",\"@id\":\"https:\\\/\\\/subsbr.net\\\/blog\\\/quanto-custa-ser-um-funcionario-eletivo-do-governo-federa\\\/\",\"url\":\"https:\\\/\\\/subsbr.net\\\/blog\\\/quanto-custa-ser-um-funcionario-eletivo-do-governo-federa\\\/\",\"name\":\"Quanto custa ser um funcion\u00e1rio eletivo do governo federal?\",\"isPartOf\":{\"@id\":\"https:\\\/\\\/subsbr.net\\\/blog\\\/#website\"},\"primaryImageOfPage\":{\"@id\":\"https:\\\/\\\/subsbr.net\\\/blog\\\/quanto-custa-ser-um-funcionario-eletivo-do-governo-federa\\\/#primaryimage\"},\"image\":{\"@id\":\"https:\\\/\\\/subsbr.net\\\/blog\\\/quanto-custa-ser-um-funcionario-eletivo-do-governo-federa\\\/#primaryimage\"},\"thumbnailUrl\":\"https:\\\/\\\/droidmaster.tech\\\/wp-content\\\/uploads\\\/2022\\\/07\\\/seta.gif\",\"datePublished\":\"2023-03-10T01:55:58+00:00\",\"description\":\"Quanto custa ser um funcion\u00e1rio eletivo do governo federal?\",\"breadcrumb\":{\"@id\":\"https:\\\/\\\/subsbr.net\\\/blog\\\/quanto-custa-ser-um-funcionario-eletivo-do-governo-federa\\\/#breadcrumb\"},\"inLanguage\":\"pt-BR\",\"potentialAction\":[{\"@type\":\"ReadAction\",\"target\":[\"https:\\\/\\\/subsbr.net\\\/blog\\\/quanto-custa-ser-um-funcionario-eletivo-do-governo-federa\\\/\"]}]},{\"@type\":\"ImageObject\",\"inLanguage\":\"pt-BR\",\"@id\":\"https:\\\/\\\/subsbr.net\\\/blog\\\/quanto-custa-ser-um-funcionario-eletivo-do-governo-federa\\\/#primaryimage\",\"url\":\"https:\\\/\\\/droidmaster.tech\\\/wp-content\\\/uploads\\\/2022\\\/07\\\/seta.gif\",\"contentUrl\":\"https:\\\/\\\/droidmaster.tech\\\/wp-content\\\/uploads\\\/2022\\\/07\\\/seta.gif\"},{\"@type\":\"BreadcrumbList\",\"@id\":\"https:\\\/\\\/subsbr.net\\\/blog\\\/quanto-custa-ser-um-funcionario-eletivo-do-governo-federa\\\/#breadcrumb\",\"itemListElement\":[{\"@type\":\"ListItem\",\"position\":1,\"name\":\"In\u00edcio\",\"item\":\"https:\\\/\\\/subsbr.net\\\/blog\\\/\"},{\"@type\":\"ListItem\",\"position\":2,\"name\":\"Quanto custa ser um funcion\u00e1rio eletivo do governo federa\"}]},{\"@type\":\"WebSite\",\"@id\":\"https:\\\/\\\/subsbr.net\\\/blog\\\/#website\",\"url\":\"https:\\\/\\\/subsbr.net\\\/blog\\\/\",\"name\":\"SUBSBR BLOG\",\"description\":\"\",\"publisher\":{\"@id\":\"https:\\\/\\\/subsbr.net\\\/blog\\\/#organization\"},\"potentialAction\":[{\"@type\":\"SearchAction\",\"target\":{\"@type\":\"EntryPoint\",\"urlTemplate\":\"https:\\\/\\\/subsbr.net\\\/blog\\\/?s={search_term_string}\"},\"query-input\":{\"@type\":\"PropertyValueSpecification\",\"valueRequired\":true,\"valueName\":\"search_term_string\"}}],\"inLanguage\":\"pt-BR\"},{\"@type\":\"Organization\",\"@id\":\"https:\\\/\\\/subsbr.net\\\/blog\\\/#organization\",\"name\":\"SUBSBR BLOG\",\"url\":\"https:\\\/\\\/subsbr.net\\\/blog\\\/\",\"logo\":{\"@type\":\"ImageObject\",\"inLanguage\":\"pt-BR\",\"@id\":\"https:\\\/\\\/subsbr.net\\\/blog\\\/#\\\/schema\\\/logo\\\/image\\\/\",\"url\":\"https:\\\/\\\/subsbr.net\\\/blog\\\/wp-content\\\/uploads\\\/2022\\\/10\\\/20211008_233.png\",\"contentUrl\":\"https:\\\/\\\/subsbr.net\\\/blog\\\/wp-content\\\/uploads\\\/2022\\\/10\\\/20211008_233.png\",\"width\":1200,\"height\":250,\"caption\":\"SUBSBR BLOG\"},\"image\":{\"@id\":\"https:\\\/\\\/subsbr.net\\\/blog\\\/#\\\/schema\\\/logo\\\/image\\\/\"}}]}<\/script>\n<!-- \/ Yoast SEO plugin. -->","yoast_head_json":{"title":"Quanto custa ser um funcion\u00e1rio eletivo do governo federal?","description":"Quanto custa ser um funcion\u00e1rio eletivo do governo federal?","robots":{"index":"index","follow":"follow","max-snippet":"max-snippet:-1","max-image-preview":"max-image-preview:large","max-video-preview":"max-video-preview:-1"},"canonical":"https:\/\/subsbr.net\/blog\/quanto-custa-ser-um-funcionario-eletivo-do-governo-federa\/","og_locale":"pt_BR","og_type":"article","og_title":"Quanto custa ser um funcion\u00e1rio eletivo do governo federal?","og_description":"Quanto custa ser um funcion\u00e1rio eletivo do governo federal?","og_url":"https:\/\/subsbr.net\/blog\/quanto-custa-ser-um-funcionario-eletivo-do-governo-federa\/","og_site_name":"SUBSBR BLOG","og_image":[{"width":300,"height":200,"url":"https:\/\/subsbr.net\/blog\/wp-content\/uploads\/2021\/08\/friendsathome-de2d483e5bee46f6ba0db8932744695a.webp","type":"image\/webp"}],"twitter_card":"summary_large_image","twitter_misc":{"Est. tempo de leitura":"3 minutos"},"schema":{"@context":"https:\/\/schema.org","@graph":[{"@type":"WebPage","@id":"https:\/\/subsbr.net\/blog\/quanto-custa-ser-um-funcionario-eletivo-do-governo-federa\/","url":"https:\/\/subsbr.net\/blog\/quanto-custa-ser-um-funcionario-eletivo-do-governo-federa\/","name":"Quanto custa ser um funcion\u00e1rio eletivo do governo federal?","isPartOf":{"@id":"https:\/\/subsbr.net\/blog\/#website"},"primaryImageOfPage":{"@id":"https:\/\/subsbr.net\/blog\/quanto-custa-ser-um-funcionario-eletivo-do-governo-federa\/#primaryimage"},"image":{"@id":"https:\/\/subsbr.net\/blog\/quanto-custa-ser-um-funcionario-eletivo-do-governo-federa\/#primaryimage"},"thumbnailUrl":"https:\/\/droidmaster.tech\/wp-content\/uploads\/2022\/07\/seta.gif","datePublished":"2023-03-10T01:55:58+00:00","description":"Quanto custa ser um funcion\u00e1rio eletivo do governo federal?","breadcrumb":{"@id":"https:\/\/subsbr.net\/blog\/quanto-custa-ser-um-funcionario-eletivo-do-governo-federa\/#breadcrumb"},"inLanguage":"pt-BR","potentialAction":[{"@type":"ReadAction","target":["https:\/\/subsbr.net\/blog\/quanto-custa-ser-um-funcionario-eletivo-do-governo-federa\/"]}]},{"@type":"ImageObject","inLanguage":"pt-BR","@id":"https:\/\/subsbr.net\/blog\/quanto-custa-ser-um-funcionario-eletivo-do-governo-federa\/#primaryimage","url":"https:\/\/droidmaster.tech\/wp-content\/uploads\/2022\/07\/seta.gif","contentUrl":"https:\/\/droidmaster.tech\/wp-content\/uploads\/2022\/07\/seta.gif"},{"@type":"BreadcrumbList","@id":"https:\/\/subsbr.net\/blog\/quanto-custa-ser-um-funcionario-eletivo-do-governo-federa\/#breadcrumb","itemListElement":[{"@type":"ListItem","position":1,"name":"In\u00edcio","item":"https:\/\/subsbr.net\/blog\/"},{"@type":"ListItem","position":2,"name":"Quanto custa ser um funcion\u00e1rio eletivo do governo federa"}]},{"@type":"WebSite","@id":"https:\/\/subsbr.net\/blog\/#website","url":"https:\/\/subsbr.net\/blog\/","name":"SUBSBR BLOG","description":"","publisher":{"@id":"https:\/\/subsbr.net\/blog\/#organization"},"potentialAction":[{"@type":"SearchAction","target":{"@type":"EntryPoint","urlTemplate":"https:\/\/subsbr.net\/blog\/?s={search_term_string}"},"query-input":{"@type":"PropertyValueSpecification","valueRequired":true,"valueName":"search_term_string"}}],"inLanguage":"pt-BR"},{"@type":"Organization","@id":"https:\/\/subsbr.net\/blog\/#organization","name":"SUBSBR BLOG","url":"https:\/\/subsbr.net\/blog\/","logo":{"@type":"ImageObject","inLanguage":"pt-BR","@id":"https:\/\/subsbr.net\/blog\/#\/schema\/logo\/image\/","url":"https:\/\/subsbr.net\/blog\/wp-content\/uploads\/2022\/10\/20211008_233.png","contentUrl":"https:\/\/subsbr.net\/blog\/wp-content\/uploads\/2022\/10\/20211008_233.png","width":1200,"height":250,"caption":"SUBSBR BLOG"},"image":{"@id":"https:\/\/subsbr.net\/blog\/#\/schema\/logo\/image\/"}}]}},"jetpack_sharing_enabled":true,"_links":{"self":[{"href":"https:\/\/subsbr.net\/blog\/wp-json\/wp\/v2\/pages\/2963","targetHints":{"allow":["GET"]}}],"collection":[{"href":"https:\/\/subsbr.net\/blog\/wp-json\/wp\/v2\/pages"}],"about":[{"href":"https:\/\/subsbr.net\/blog\/wp-json\/wp\/v2\/types\/page"}],"author":[{"embeddable":true,"href":"https:\/\/subsbr.net\/blog\/wp-json\/wp\/v2\/users\/1"}],"replies":[{"embeddable":true,"href":"https:\/\/subsbr.net\/blog\/wp-json\/wp\/v2\/comments?post=2963"}],"version-history":[{"count":0,"href":"https:\/\/subsbr.net\/blog\/wp-json\/wp\/v2\/pages\/2963\/revisions"}],"wp:attachment":[{"href":"https:\/\/subsbr.net\/blog\/wp-json\/wp\/v2\/media?parent=2963"}],"curies":[{"name":"wp","href":"https:\/\/api.w.org\/{rel}","templated":true}]}}